{"id":512,"date":"2025-11-12T01:11:43","date_gmt":"2025-11-12T01:11:43","guid":{"rendered":"https:\/\/asadoresbarril.com\/?page_id=512"},"modified":"2025-11-12T01:11:43","modified_gmt":"2025-11-12T01:11:43","slug":"politica-de-privacidad","status":"publish","type":"page","link":"https:\/\/asadoresbarril.com\/us\/politica-de-privacidad\/","title":{"rendered":"POLITICA DE PRIVACIDAD"},"content":{"rendered":"\n<p class=\"has-black-color has-text-color has-link-color wp-elements-6b55e6bb8d8df377d01295906f4cdcff\">Responsable de los datos personales:&nbsp;Santiago Alexander Mu\u00f1oz Ruiz, con domicilio (Tienda Virtual), en lo adelante EL GESTOR DEL SITIO WEB, y cuyo correo electr\u00f3nico de contacto es santiago.mrm2019@gmail.com.<\/p>\n\n\n\n<p class=\"has-black-color has-text-color has-link-color wp-elements-0cc820098153ec488c8ede93f3820816\">En nuestra p\u00e1gina dedicada a la promoci\u00f3n de Asadores de barril disponibles en Amazon, valoramos tu privacidad. Por ello, queremos informarte sobre c\u00f3mo utilizamos las cookies y otras herramientas, as\u00ed como el alcance de nuestras operaciones.<\/p>\n\n\n\n<p class=\"has-black-color has-text-color has-link-color wp-elements-623a7662d64e4e5e9d967aa373c3f99a\">Recolecci\u00f3n de Informaci\u00f3n Personal<\/p>\n\n\n\n<p class=\"has-black-color has-text-color has-link-color wp-elements-b0bf12a1114471bced6170f3cf33d23b\">No recopilamos informaci\u00f3n personal directamente de nuestros usuarios. Nuestro sitio tiene un prop\u00f3sito meramente informativo, ofreciendo enlaces de afiliados a productos disponibles en Amazon, sin realizar ventas directas ni solicitar datos sensibles.<\/p>\n\n\n\n<p class=\"has-black-color has-text-color has-link-color wp-elements-6a75e92b703caba9a1bb79181aa96834\">Uso de Cookies<\/p>\n\n\n\n<p class=\"has-black-color has-text-color has-link-color wp-elements-a55e138111863785981e543fc3b6b07b\">Utilizamos cookies para mejorar la funcionalidad del sitio y tu experiencia como usuario. Las cookies permiten:<\/p>\n\n\n\n<p class=\"has-black-color has-text-color has-link-color wp-elements-6fc35d23612c4f166992d60ea12dd136\">Analizar el tr\u00e1fico: Monitorizamos el uso del sitio para identificar qu\u00e9 secciones son m\u00e1s visitadas.<\/p>\n\n\n\n<p class=\"has-black-color has-text-color has-link-color wp-elements-52d68fcaaffaed728a09461ce5518df1\">Publicidad de Afiliados: Las cookies ayudan a registrar clics en enlaces de Amazon, asegurando que nuestra participaci\u00f3n en su programa de afiliados funcione correctamente.<\/p>\n\n\n\n<p class=\"has-black-color has-text-color has-link-color wp-elements-5ce45bc90b80c013341a719064519f48\">Optimizaci\u00f3n del Sitio: Empleamos cookies de herramientas como Google Analytics para entender mejor c\u00f3mo interact\u00faas con nuestra p\u00e1gina y ajustar el contenido de acuerdo con tus intereses.<\/p>\n\n\n\n<p class=\"has-black-color has-text-color has-link-color wp-elements-5d747a134f7dc9aaed0b29b2a0a013c1\">Puedes desactivar las cookies desde la configuraci\u00f3n de tu navegador, pero esto podr\u00eda limitar ciertas funciones del sitio.<\/p>\n\n\n\n<p class=\"has-black-color has-text-color has-link-color wp-elements-64375a23307fe74c6696c4cd1058f90d\">Herramientas Utilizadas<\/p>\n\n\n\n<p class=\"has-black-color has-text-color has-link-color wp-elements-5543d1a5a19e5a823ceecd3ea8133fb5\">Para garantizar el funcionamiento adecuado de nuestra p\u00e1gina, utilizamos las siguientes herramientas:<\/p>\n\n\n\n<p class=\"has-black-color has-text-color has-link-color wp-elements-0dfa6f168bff601673ded8fb9f659988\">Google Search Console y Google Analytics: Estas herramientas analizan m\u00e9tricas como visitas y duraci\u00f3n de las sesiones, pero no recopilan datos personales identificables.<\/p>\n\n\n\n<p class=\"has-black-color has-text-color has-link-color wp-elements-749428eddfe79c400091fbaaf81e2155\">Amazon Afiliados: Incluimos enlaces a Amazon, donde aplican sus propias pol\u00edticas de cookies y privacidad.<\/p>\n\n\n\n<p class=\"has-black-color has-text-color has-link-color wp-elements-61fe76e66633ce53c7fb38469c561090\">Enlaces de Afiliados<\/p>\n\n\n\n<p class=\"has-black-color has-text-color has-link-color wp-elements-b6257585f9158b4ad8719c5080ffb3f6\">Todos los productos promocionados en nuestra p\u00e1gina redirigen al sitio de Amazon. Una vez redirigido, cualquier acci\u00f3n (como realizar una compra) estar\u00e1 sujeta a las pol\u00edticas de privacidad y cookies de Amazon.<\/p>\n\n\n\n<p class=\"has-black-color has-text-color has-link-color wp-elements-5c84b1b7658448ea2c3d252fde3f355f\">Seguridad y Terceros<\/p>\n\n\n\n<p class=\"has-black-color has-text-color has-link-color wp-elements-b3ec8c227ecf87426d8c1ae8ab65b985\">Nos aseguramos de que las cookies implementadas respeten tu privacidad. Sin embargo, no podemos controlar las pol\u00edticas de terceros, como Amazon o Google. Te sugerimos consultar sus t\u00e9rminos para obtener m\u00e1s detalles.<\/p>\n\n\n\n<p class=\"has-black-color has-text-color has-link-color wp-elements-4930ed401e5cc7ef264afb54740c1ad1\">Cambios en esta Pol\u00edtica<\/p>\n\n\n\n<p class=\"has-black-color has-text-color has-link-color wp-elements-ab44a436bb0ba33e6533d4b06705b352\">Podremos actualizar esta pol\u00edtica peri\u00f3dicamente para reflejar nuevas pr\u00e1cticas o requisitos legales. Te recomendamos revisarla regularmente.<\/p>\n\n\n\n<p class=\"has-black-color has-text-color has-link-color wp-elements-d0f9f2563eeb2c8034a6e7f09cd60baa\">Contacto<\/p>\n\n\n\n<p class=\"has-black-color has-text-color has-link-color wp-elements-e843925c3bc4be24f3a8c89e4f1edeef\">Si tienes preguntas sobre el uso de cookies o cualquier otra inquietud relacionada con esta pol\u00edtica, puedes comunicarte con nosotros a trav\u00e9s de nuestra secci\u00f3n de contacto en el sitio.<\/p>\n\n\n\n<p class=\"has-black-color has-text-color has-link-color wp-elements-e015d3c2c3fab6f98223c83c462b3cd7\">Al utilizar esta p\u00e1gina, aceptas nuestra pol\u00edtica de privacidad y el uso de cookies.\u00a0Disfruta explorando las mejores opciones de los mejores Asadores de Barril.<\/p>\n","protected":false},"excerpt":{"rendered":"<p>Responsable de los datos personales:&nbsp;Santiago Alexander Mu\u00f1oz Ruiz, con domicilio (Tienda Virtual), en lo adelante EL GESTOR DEL SITIO WEB, [&hellip;]<\/p>\n","protected":false},"author":2,"featured_media":0,"parent":0,"menu_order":0,"comment_status":"closed","ping_status":"closed","template":"","meta":{"site-sidebar-layout":"default","site-content-layout":"","ast-site-content-layout":"default","site-content-style":"default","site-sidebar-style":"default","ast-global-header-display":"","ast-banner-title-visibility":"","ast-main-header-display":"","ast-hfb-above-header-display":"","ast-hfb-below-header-display":"","ast-hfb-mobile-header-display":"","site-post-title":"","ast-breadcrumbs-content":"","ast-featured-img":"","footer-sml-layout":"","ast-disable-related-posts":"","theme-transparent-header-meta":"","adv-header-id-meta":"","stick-header-meta":"","header-above-stick-meta":"","header-main-stick-meta":"","header-below-stick-meta":"","astra-migrate-meta-layouts":"default","ast-page-background-enabled":"default","ast-page-background-meta":{"desktop":{"background-color":"var(--ast-global-color-5)","background-image":"","background-repeat":"repeat","background-position":"center center","background-size":"auto","background-attachment":"scroll","background-type":"","background-media":"","overlay-type":"","overlay-color":"","overlay-opacity":"","overlay-gradient":""},"tablet":{"background-color":"","background-image":"","background-repeat":"repeat","background-position":"center center","background-size":"auto","background-attachment":"scroll","background-type":"","background-media":"","overlay-type":"","overlay-color":"","overlay-opacity":"","overlay-gradient":""},"mobile":{"background-color":"","background-image":"","background-repeat":"repeat","background-position":"center center","background-size":"auto","background-attachment":"scroll","background-type":"","background-media":"","overlay-type":"","overlay-color":"","overlay-opacity":"","overlay-gradient":""}},"ast-content-background-meta":{"desktop":{"background-color":"var(--ast-global-color-4)","background-image":"","background-repeat":"repeat","background-position":"center center","background-size":"auto","background-attachment":"scroll","background-type":"","background-media":"","overlay-type":"","overlay-color":"","overlay-opacity":"","overlay-gradient":""},"tablet":{"background-color":"var(--ast-global-color-4)","background-image":"","background-repeat":"repeat","background-position":"center center","background-size":"auto","background-attachment":"scroll","background-type":"","background-media":"","overlay-type":"","overlay-color":"","overlay-opacity":"","overlay-gradient":""},"mobile":{"background-color":"var(--ast-global-color-4)","background-image":"","background-repeat":"repeat","background-position":"center center","background-size":"auto","background-attachment":"scroll","background-type":"","background-media":"","overlay-type":"","overlay-color":"","overlay-opacity":"","overlay-gradient":""}},"footnotes":""},"class_list":["post-512","page","type-page","status-publish","hentry"],"yoast_head":"<!-- This site is optimized with the Yoast SEO plugin v27.3 - https:\/\/yoast.com\/product\/yoast-seo-wordpress\/ -->\n<title>POLITICA DE PRIVACIDAD - barrel smoker<\/title>\n<meta name=\"robots\" content=\"noindex, follow\" \/>\n<meta property=\"og:locale\" content=\"en_US\" \/>\n<meta property=\"og:type\" content=\"article\" \/>\n<meta property=\"og:title\" content=\"POLITICA DE PRIVACIDAD - barrel smoker\" \/>\n<meta property=\"og:description\" content=\"Responsable de los datos personales:&nbsp;Santiago Alexander Mu\u00f1oz Ruiz, con domicilio (Tienda Virtual), en lo adelante EL GESTOR DEL SITIO WEB, [&hellip;]\" \/>\n<meta property=\"og:url\" content=\"https:\/\/asadoresbarril.com\/us\/politica-de-privacidad\/\" \/>\n<meta property=\"og:site_name\" content=\"barrel smoker\" \/>\n<meta name=\"twitter:card\" content=\"summary_large_image\" \/>\n<meta name=\"twitter:label1\" content=\"Est. reading time\" \/>\n\t<meta name=\"twitter:data1\" content=\"2 minutes\" \/>\n<script type=\"application\/ld+json\" class=\"yoast-schema-graph\">{\"@context\":\"https:\\\/\\\/schema.org\",\"@graph\":[{\"@type\":\"WebPage\",\"@id\":\"https:\\\/\\\/asadoresbarril.com\\\/us\\\/politica-de-privacidad\\\/\",\"url\":\"https:\\\/\\\/asadoresbarril.com\\\/us\\\/politica-de-privacidad\\\/\",\"name\":\"POLITICA DE PRIVACIDAD - barrel smoker\",\"isPartOf\":{\"@id\":\"https:\\\/\\\/asadoresbarril.com\\\/us\\\/#website\"},\"datePublished\":\"2025-11-12T01:11:43+00:00\",\"breadcrumb\":{\"@id\":\"https:\\\/\\\/asadoresbarril.com\\\/us\\\/politica-de-privacidad\\\/#breadcrumb\"},\"inLanguage\":\"en-US\",\"potentialAction\":[{\"@type\":\"ReadAction\",\"target\":[\"https:\\\/\\\/asadoresbarril.com\\\/us\\\/politica-de-privacidad\\\/\"]}]},{\"@type\":\"BreadcrumbList\",\"@id\":\"https:\\\/\\\/asadoresbarril.com\\\/us\\\/politica-de-privacidad\\\/#breadcrumb\",\"itemListElement\":[{\"@type\":\"ListItem\",\"position\":1,\"name\":\"Home\",\"item\":\"https:\\\/\\\/asadoresbarril.com\\\/us\\\/\"},{\"@type\":\"ListItem\",\"position\":2,\"name\":\"POLITICA DE PRIVACIDAD\"}]},{\"@type\":\"WebSite\",\"@id\":\"https:\\\/\\\/asadoresbarril.com\\\/us\\\/#website\",\"url\":\"https:\\\/\\\/asadoresbarril.com\\\/us\\\/\",\"name\":\"barrel smoker\",\"description\":\"\",\"potentialAction\":[{\"@type\":\"SearchAction\",\"target\":{\"@type\":\"EntryPoint\",\"urlTemplate\":\"https:\\\/\\\/asadoresbarril.com\\\/us\\\/?s={search_term_string}\"},\"query-input\":{\"@type\":\"PropertyValueSpecification\",\"valueRequired\":true,\"valueName\":\"search_term_string\"}}],\"inLanguage\":\"en-US\"}]}<\/script>\n<!-- \/ Yoast SEO plugin. -->","yoast_head_json":{"title":"POLITICA DE PRIVACIDAD - barrel smoker","robots":{"index":"noindex","follow":"follow"},"og_locale":"en_US","og_type":"article","og_title":"POLITICA DE PRIVACIDAD - barrel smoker","og_description":"Responsable de los datos personales:&nbsp;Santiago Alexander Mu\u00f1oz Ruiz, con domicilio (Tienda Virtual), en lo adelante EL GESTOR DEL SITIO WEB, [&hellip;]","og_url":"https:\/\/asadoresbarril.com\/us\/politica-de-privacidad\/","og_site_name":"barrel smoker","twitter_card":"summary_large_image","twitter_misc":{"Est. reading time":"2 minutes"},"schema":{"@context":"https:\/\/schema.org","@graph":[{"@type":"WebPage","@id":"https:\/\/asadoresbarril.com\/us\/politica-de-privacidad\/","url":"https:\/\/asadoresbarril.com\/us\/politica-de-privacidad\/","name":"POLITICA DE PRIVACIDAD - barrel smoker","isPartOf":{"@id":"https:\/\/asadoresbarril.com\/us\/#website"},"datePublished":"2025-11-12T01:11:43+00:00","breadcrumb":{"@id":"https:\/\/asadoresbarril.com\/us\/politica-de-privacidad\/#breadcrumb"},"inLanguage":"en-US","potentialAction":[{"@type":"ReadAction","target":["https:\/\/asadoresbarril.com\/us\/politica-de-privacidad\/"]}]},{"@type":"BreadcrumbList","@id":"https:\/\/asadoresbarril.com\/us\/politica-de-privacidad\/#breadcrumb","itemListElement":[{"@type":"ListItem","position":1,"name":"Home","item":"https:\/\/asadoresbarril.com\/us\/"},{"@type":"ListItem","position":2,"name":"POLITICA DE PRIVACIDAD"}]},{"@type":"WebSite","@id":"https:\/\/asadoresbarril.com\/us\/#website","url":"https:\/\/asadoresbarril.com\/us\/","name":"barrel smoker","description":"","potentialAction":[{"@type":"SearchAction","target":{"@type":"EntryPoint","urlTemplate":"https:\/\/asadoresbarril.com\/us\/?s={search_term_string}"},"query-input":{"@type":"PropertyValueSpecification","valueRequired":true,"valueName":"search_term_string"}}],"inLanguage":"en-US"}]}},"_hostinger_reach_plugin_has_subscription_block":false,"_hostinger_reach_plugin_is_elementor":false,"_links":{"self":[{"href":"https:\/\/asadoresbarril.com\/us\/wp-json\/wp\/v2\/pages\/512","targetHints":{"allow":["GET"]}}],"collection":[{"href":"https:\/\/asadoresbarril.com\/us\/wp-json\/wp\/v2\/pages"}],"about":[{"href":"https:\/\/asadoresbarril.com\/us\/wp-json\/wp\/v2\/types\/page"}],"author":[{"embeddable":true,"href":"https:\/\/asadoresbarril.com\/us\/wp-json\/wp\/v2\/users\/2"}],"replies":[{"embeddable":true,"href":"https:\/\/asadoresbarril.com\/us\/wp-json\/wp\/v2\/comments?post=512"}],"version-history":[{"count":0,"href":"https:\/\/asadoresbarril.com\/us\/wp-json\/wp\/v2\/pages\/512\/revisions"}],"wp:attachment":[{"href":"https:\/\/asadoresbarril.com\/us\/wp-json\/wp\/v2\/media?parent=512"}],"curies":[{"name":"wp","href":"https:\/\/api.w.org\/{rel}","templated":true}]}}